{"id":1012,"date":"2018-08-27T12:15:55","date_gmt":"2018-08-27T09:15:55","guid":{"rendered":"https:\/\/hdteks.com.tr\/?page_id=1012"},"modified":"2023-03-16T16:18:42","modified_gmt":"2023-03-16T13:18:42","slug":"hakkimizda","status":"publish","type":"page","link":"https:\/\/hdteks.com.tr\/?page_id=1012","title":{"rendered":"Hakk\u0131m\u0131zda"},"content":{"rendered":"\t\t<div data-elementor-type=\"wp-post\" data-elementor-id=\"1012\" class=\"elementor elementor-1012\">\n\t\t\t\t\t\t\t\t\t<section class=\"elementor-section elementor-top-section elementor-element elementor-element-6e99129 elementor-section-boxed elementor-section-height-default elementor-section-height-default\" data-id=\"6e99129\" data-element_type=\"section\" data-settings=\"{&quot;background_background&quot;:&quot;classic&quot;}\">\n\t\t\t\t\t\t\t<div class=\"elementor-background-overlay\"><\/div>\n\t\t\t\t\t\t\t<div class=\"elementor-container elementor-column-gap-no\">\n\t\t\t\t\t<div class=\"elementor-column elementor-col-100 elementor-top-column elementor-element elementor-element-4416359\" data-id=\"4416359\" data-element_type=\"column\">\n\t\t\t<div class=\"elementor-widget-wrap elementor-element-populated\">\n\t\t\t\t\t\t\t\t<div class=\"elementor-element elementor-element-754968b elementor-widget elementor-widget-heading\" data-id=\"754968b\" data-element_type=\"widget\" data-widget_type=\"heading.default\">\n\t\t\t\t<div class=\"elementor-widget-container\">\n\t\t\t<style>\/*! elementor - v3.12.1 - 02-04-2023 *\/\n.elementor-heading-title{padding:0;margin:0;line-height:1}.elementor-widget-heading .elementor-heading-title[class*=elementor-size-]>a{color:inherit;font-size:inherit;line-height:inherit}.elementor-widget-heading .elementor-heading-title.elementor-size-small{font-size:15px}.elementor-widget-heading .elementor-heading-title.elementor-size-medium{font-size:19px}.elementor-widget-heading .elementor-heading-title.elementor-size-large{font-size:29px}.elementor-widget-heading .elementor-heading-title.elementor-size-xl{font-size:39px}.elementor-widget-heading .elementor-heading-title.elementor-size-xxl{font-size:59px}<\/style><h1 class=\"elementor-heading-title elementor-size-default\">HAKKIMIZDA<\/h1>\t\t<\/div>\n\t\t\t\t<\/div>\n\t\t\t\t\t<\/div>\n\t\t<\/div>\n\t\t\t\t\t\t\t<\/div>\n\t\t<\/section>\n\t\t\t\t<section class=\"elementor-section elementor-top-section elementor-element elementor-element-6785f070 elementor-section-content-middle elementor-section-boxed elementor-section-height-default elementor-section-height-default\" data-id=\"6785f070\" data-element_type=\"section\" data-settings=\"{&quot;background_background&quot;:&quot;classic&quot;}\">\n\t\t\t\t\t\t<div class=\"elementor-container elementor-column-gap-no\">\n\t\t\t\t\t<div class=\"elementor-column elementor-col-100 elementor-top-column elementor-element elementor-element-236a079\" data-id=\"236a079\" data-element_type=\"column\">\n\t\t\t<div class=\"elementor-widget-wrap elementor-element-populated\">\n\t\t\t\t\t\t\t\t<div class=\"elementor-element elementor-element-5aabbfce elementor-widget elementor-widget-text-editor\" data-id=\"5aabbfce\" data-element_type=\"widget\" data-widget_type=\"text-editor.default\">\n\t\t\t\t<div class=\"elementor-widget-container\">\n\t\t\t<style>\/*! elementor - v3.12.1 - 02-04-2023 *\/\n.elementor-widget-text-editor.elementor-drop-cap-view-stacked .elementor-drop-cap{background-color:#69727d;color:#fff}.elementor-widget-text-editor.elementor-drop-cap-view-framed .elementor-drop-cap{color:#69727d;border:3px solid;background-color:transparent}.elementor-widget-text-editor:not(.elementor-drop-cap-view-default) .elementor-drop-cap{margin-top:8px}.elementor-widget-text-editor:not(.elementor-drop-cap-view-default) .elementor-drop-cap-letter{width:1em;height:1em}.elementor-widget-text-editor .elementor-drop-cap{float:left;text-align:center;line-height:1;font-size:50px}.elementor-widget-text-editor .elementor-drop-cap-letter{display:inline-block}<\/style>\t\t\t\t<p><b>HDTeks,<\/b> tekstil yedek par\u00e7a sekt\u00f6r\u00fcnde Hakk\u0131 \u00d6KTEM \u00f6nderli\u011finde 2014 y\u0131l\u0131ndan bu yana hizmet vermektedir. Firmam\u0131z, her ne kadar 2014 y\u0131l\u0131nda kurulmu\u015f g\u00f6r\u00fcnse de k\u00f6kleri 1995 y\u0131l\u0131na kadar dayanmaktad\u0131r.<\/p>\n<p>\u0130\u011fneden ipli\u011fe, \u00fc\u00e7 farkl\u0131 \u00fcr\u00fcn kategorisinde binlerce farkl\u0131 \u00fcr\u00fcn kalemiyle 58 tekstil firmas\u0131na yedek par\u00e7a tedari\u011fi sa\u011flayan HDTeks, Mersin Serbest B\u00f6lge\u2019de yer almaktad\u0131r.<\/p>\t\t\t\t\t\t<\/div>\n\t\t\t\t<\/div>\n\t\t\t\t\t<\/div>\n\t\t<\/div>\n\t\t\t\t\t\t\t<\/div>\n\t\t<\/section>\n\t\t\t\t<section class=\"elementor-section elementor-top-section elementor-element elementor-element-3e8e32a5 elementor-section-content-middle elementor-section-boxed elementor-section-height-default elementor-section-height-default\" data-id=\"3e8e32a5\" data-element_type=\"section\" data-settings=\"{&quot;background_background&quot;:&quot;classic&quot;}\">\n\t\t\t\t\t\t<div class=\"elementor-container elementor-column-gap-no\">\n\t\t\t\t\t<div class=\"elementor-column elementor-col-50 elementor-top-column elementor-element elementor-element-2b1ec289\" data-id=\"2b1ec289\" data-element_type=\"column\">\n\t\t\t<div class=\"elementor-widget-wrap elementor-element-populated\">\n\t\t\t\t\t\t\t\t<div class=\"elementor-element elementor-element-3747a311 elementor-widget elementor-widget-heading\" data-id=\"3747a311\" data-element_type=\"widget\" data-widget_type=\"heading.default\">\n\t\t\t\t<div class=\"elementor-widget-container\">\n\t\t\t<h4 class=\"elementor-heading-title elementor-size-default\">\u00dcr\u00fcn Yelpazemiz:<\/h4>\t\t<\/div>\n\t\t\t\t<\/div>\n\t\t\t\t\t<\/div>\n\t\t<\/div>\n\t\t\t\t<div class=\"elementor-column elementor-col-50 elementor-top-column elementor-element elementor-element-38061294\" data-id=\"38061294\" data-element_type=\"column\">\n\t\t\t<div class=\"elementor-widget-wrap elementor-element-populated\">\n\t\t\t\t\t\t\t\t<div class=\"elementor-element elementor-element-25011ba9 elementor-arrows-position-outside elementor-widget elementor-widget-image-carousel\" data-id=\"25011ba9\" data-element_type=\"widget\" data-settings=\"{&quot;slides_to_show&quot;:&quot;4&quot;,&quot;slides_to_show_tablet&quot;:&quot;3&quot;,&quot;slides_to_show_mobile&quot;:&quot;2&quot;,&quot;slides_to_scroll&quot;:&quot;1&quot;,&quot;navigation&quot;:&quot;arrows&quot;,&quot;autoplay&quot;:&quot;yes&quot;,&quot;pause_on_hover&quot;:&quot;yes&quot;,&quot;pause_on_interaction&quot;:&quot;yes&quot;,&quot;autoplay_speed&quot;:5000,&quot;infinite&quot;:&quot;yes&quot;,&quot;speed&quot;:500}\" data-widget_type=\"image-carousel.default\">\n\t\t\t\t<div class=\"elementor-widget-container\">\n\t\t\t<style>\/*! elementor - v3.12.1 - 02-04-2023 *\/\n.elementor-widget-image-carousel .swiper,.elementor-widget-image-carousel .swiper-container{position:static}.elementor-widget-image-carousel .swiper-container .swiper-slide figure,.elementor-widget-image-carousel .swiper .swiper-slide figure{line-height:inherit}.elementor-widget-image-carousel .swiper-slide{text-align:center}.elementor-image-carousel-wrapper:not(.swiper-container-initialized) .swiper-slide,.elementor-image-carousel-wrapper:not(.swiper-initialized) .swiper-slide{max-width:calc(100% \/ var(--e-image-carousel-slides-to-show, 3))}<\/style>\t\t<div class=\"elementor-image-carousel-wrapper swiper-container\" dir=\"ltr\">\n\t\t\t<div class=\"elementor-image-carousel swiper-wrapper\">\n\t\t\t\t\t\t\t\t<div class=\"swiper-slide\"><figure class=\"swiper-slide-inner\"><img decoding=\"async\" class=\"swiper-slide-image\" src=\"https:\/\/hdteks.com.tr\/wp-content\/uploads\/2022\/12\/19092021221138.jpg\" alt=\"19092021221138\" \/><\/figure><\/div><div class=\"swiper-slide\"><figure class=\"swiper-slide-inner\"><img decoding=\"async\" class=\"swiper-slide-image\" src=\"https:\/\/hdteks.com.tr\/wp-content\/uploads\/2022\/12\/20092021232426.jpg\" alt=\"20092021232426\" \/><\/figure><\/div><div class=\"swiper-slide\"><figure class=\"swiper-slide-inner\"><img decoding=\"async\" class=\"swiper-slide-image\" src=\"https:\/\/hdteks.com.tr\/wp-content\/uploads\/2022\/12\/rabbit-chalkbuhar-ile-ucan-cizgi-tasi-d2f488.jpg\" alt=\"rabbit-chalkbuhar-ile-ucan-cizgi-tasi--d2f488\" \/><\/figure><\/div><div class=\"swiper-slide\"><figure class=\"swiper-slide-inner\"><img decoding=\"async\" class=\"swiper-slide-image\" src=\"https:\/\/hdteks.com.tr\/wp-content\/uploads\/2022\/12\/110000093587911.jpg\" alt=\"110000093587911\" \/><\/figure><\/div><div class=\"swiper-slide\"><figure class=\"swiper-slide-inner\"><img decoding=\"async\" class=\"swiper-slide-image\" src=\"https:\/\/hdteks.com.tr\/wp-content\/uploads\/2022\/12\/blitz-meto-makina-kecesi-5-adet-72-00d.jpg\" alt=\"blitz-meto-makina-kecesi-5-adet-72-00d\" \/><\/figure><\/div><div class=\"swiper-slide\"><figure class=\"swiper-slide-inner\"><img decoding=\"async\" class=\"swiper-slide-image\" src=\"https:\/\/hdteks.com.tr\/wp-content\/uploads\/2022\/12\/dik-kesim-motor-dalgali-bicak-teflon-duz-bicak.jpg\" alt=\"dik-kesim-motor-dalgali-bicak-teflon-duz-bicak\" \/><\/figure><\/div><div class=\"swiper-slide\"><figure class=\"swiper-slide-inner\"><img decoding=\"async\" class=\"swiper-slide-image\" src=\"https:\/\/hdteks.com.tr\/wp-content\/uploads\/2022\/12\/110000056092941.jpg\" alt=\"110000056092941\" \/><\/figure><\/div><div class=\"swiper-slide\"><figure class=\"swiper-slide-inner\"><img decoding=\"async\" class=\"swiper-slide-image\" src=\"https:\/\/hdteks.com.tr\/wp-content\/uploads\/2022\/12\/schmetzkollu-zincir-dikis-ignesi933-100a-30d6.jpg\" alt=\"schmetzkollu-zincir-dikis-ignesi933-100a-30d6\" \/><\/figure><\/div><div class=\"swiper-slide\"><figure class=\"swiper-slide-inner\"><img decoding=\"async\" class=\"swiper-slide-image\" src=\"https:\/\/hdteks.com.tr\/wp-content\/uploads\/2022\/12\/8-232.jpg\" alt=\"8-232\" \/><\/figure><\/div><div class=\"swiper-slide\"><figure class=\"swiper-slide-inner\"><img decoding=\"async\" class=\"swiper-slide-image\" src=\"https:\/\/hdteks.com.tr\/wp-content\/uploads\/2022\/12\/golden_eagle_temizleme_makasi_4.jpg\" alt=\"golden_eagle_temizleme_makasi_4\" \/><\/figure><\/div><div class=\"swiper-slide\"><figure class=\"swiper-slide-inner\"><img decoding=\"async\" class=\"swiper-slide-image\" src=\"https:\/\/hdteks.com.tr\/wp-content\/uploads\/2022\/12\/golden-eagle-bileme-seridi-100-lu-kutu-tekstil-yan-urunleri-golden-eagle-53533-24-B.jpg\" alt=\"golden-eagle-bileme-seridi-100-lu-kutu-tekstil-yan-urunleri-golden-eagle-53533-24-B\" \/><\/figure><\/div><div class=\"swiper-slide\"><figure class=\"swiper-slide-inner\"><img decoding=\"async\" class=\"swiper-slide-image\" src=\"https:\/\/hdteks.com.tr\/wp-content\/uploads\/2022\/12\/IMG_0707-1024x683-1.jpg\" alt=\"IMG_0707-1024x683\" \/><\/figure><\/div>\t\t\t<\/div>\n\t\t\t\t\t\t\t\t\t\t\t\t\t\t\t\t<div class=\"elementor-swiper-button elementor-swiper-button-prev\">\n\t\t\t\t\t\t<i aria-hidden=\"true\" class=\"eicon-chevron-left\"><\/i>\t\t\t\t\t\t<span class=\"elementor-screen-only\">\u00d6nceki<\/span>\n\t\t\t\t\t<\/div>\n\t\t\t\t\t<div class=\"elementor-swiper-button elementor-swiper-button-next\">\n\t\t\t\t\t\t<i aria-hidden=\"true\" class=\"eicon-chevron-right\"><\/i>\t\t\t\t\t\t<span class=\"elementor-screen-only\">Sonraki<\/span>\n\t\t\t\t\t<\/div>\n\t\t\t\t\t\t\t\t\t<\/div>\n\t\t\t\t<\/div>\n\t\t\t\t<\/div>\n\t\t\t\t\t<\/div>\n\t\t<\/div>\n\t\t\t\t\t\t\t<\/div>\n\t\t<\/section>\n\t\t\t\t\t\t\t<\/div>\n\t\t","protected":false},"excerpt":{"rendered":"<p>HAKKIMIZDA HDTeks, tekstil yedek par\u00e7a sekt\u00f6r\u00fcnde Hakk\u0131 \u00d6KTEM \u00f6nderli\u011finde 2014 y\u0131l\u0131ndan bu yana hizmet vermektedir. Firmam\u0131z, her ne kadar 2014 y\u0131l\u0131nda kurulmu\u015f g\u00f6r\u00fcnse de k\u00f6kleri 1995 y\u0131l\u0131na kadar dayanmaktad\u0131r. \u0130\u011fneden ipli\u011fe, \u00fc\u00e7 farkl\u0131 \u00fcr\u00fcn kategorisinde binlerce farkl\u0131 \u00fcr\u00fcn kalemiyle 58 tekstil firmas\u0131na yedek par\u00e7a tedari\u011fi sa\u011flayan HDTeks, Mersin Serbest B\u00f6lge\u2019de yer almaktad\u0131r. \u00dcr\u00fcn Yelpazemiz: \u00d6nceki &hellip;<\/p>\n<p class=\"read-more\"> <a class=\"\" href=\"https:\/\/hdteks.com.tr\/?page_id=1012\"> <span class=\"screen-reader-text\">Hakk\u0131m\u0131zda<\/span> Devam\u0131 &raquo;<\/a><\/p>\n","protected":false},"author":1,"featured_media":0,"parent":0,"menu_order":0,"comment_status":"closed","ping_status":"closed","template":"","meta":{"site-sidebar-layout":"default","site-content-layout":"page-builder","ast-global-header-display":"","ast-main-header-display":"","ast-hfb-above-header-display":"","ast-hfb-below-header-display":"","ast-hfb-mobile-header-display":"","site-post-title":"disabled","ast-breadcrumbs-content":"","ast-featured-img":"disabled","footer-sml-layout":"","theme-transparent-header-meta":"enabled","adv-header-id-meta":"","stick-header-meta":"","header-above-stick-meta":"","header-main-stick-meta":"","header-below-stick-meta":"","footnotes":""},"class_list":["post-1012","page","type-page","status-publish","hentry"],"yoast_head":"<!-- This site is optimized with the Yoast SEO plugin v20.2.1 - https:\/\/yoast.com\/wordpress\/plugins\/seo\/ -->\n<title>Hakk\u0131m\u0131zda - HDTeks<\/title>\n<meta name=\"robots\" content=\"index, follow, max-snippet:-1, max-image-preview:large, max-video-preview:-1\" \/>\n<link rel=\"canonical\" href=\"https:\/\/hdteks.com.tr\/?page_id=1012\" \/>\n<meta property=\"og:locale\" content=\"tr_TR\" \/>\n<meta property=\"og:type\" content=\"article\" \/>\n<meta property=\"og:title\" content=\"Hakk\u0131m\u0131zda - HDTeks\" \/>\n<meta property=\"og:description\" content=\"HAKKIMIZDA HDTeks, tekstil yedek par\u00e7a sekt\u00f6r\u00fcnde Hakk\u0131 \u00d6KTEM \u00f6nderli\u011finde 2014 y\u0131l\u0131ndan bu yana hizmet vermektedir. Firmam\u0131z, her ne kadar 2014 y\u0131l\u0131nda kurulmu\u015f g\u00f6r\u00fcnse de k\u00f6kleri 1995 y\u0131l\u0131na kadar dayanmaktad\u0131r. \u0130\u011fneden ipli\u011fe, \u00fc\u00e7 farkl\u0131 \u00fcr\u00fcn kategorisinde binlerce farkl\u0131 \u00fcr\u00fcn kalemiyle 58 tekstil firmas\u0131na yedek par\u00e7a tedari\u011fi sa\u011flayan HDTeks, Mersin Serbest B\u00f6lge\u2019de yer almaktad\u0131r. \u00dcr\u00fcn Yelpazemiz: \u00d6nceki &hellip; Hakk\u0131m\u0131zda Devam\u0131 &raquo;\" \/>\n<meta property=\"og:url\" content=\"https:\/\/hdteks.com.tr\/?page_id=1012\" \/>\n<meta property=\"og:site_name\" content=\"HDTeks\" \/>\n<meta property=\"article:modified_time\" content=\"2023-03-16T13:18:42+00:00\" \/>\n<meta property=\"og:image\" content=\"http:\/\/hdteks.com.tr\/wp-content\/uploads\/2022\/12\/19092021221138.jpg\" \/>\n<meta name=\"twitter:card\" content=\"summary_large_image\" \/>\n<meta name=\"twitter:label1\" content=\"Tahmini okuma s\u00fcresi\" \/>\n\t<meta name=\"twitter:data1\" content=\"5 dakika\" \/>\n<script type=\"application\/ld+json\" class=\"yoast-schema-graph\">{\"@context\":\"https:\/\/schema.org\",\"@graph\":[{\"@type\":\"WebPage\",\"@id\":\"https:\/\/hdteks.com.tr\/?page_id=1012\",\"url\":\"https:\/\/hdteks.com.tr\/?page_id=1012\",\"name\":\"Hakk\u0131m\u0131zda - HDTeks\",\"isPartOf\":{\"@id\":\"http:\/\/hdteks.com.tr\/#website\"},\"datePublished\":\"2018-08-27T09:15:55+00:00\",\"dateModified\":\"2023-03-16T13:18:42+00:00\",\"breadcrumb\":{\"@id\":\"https:\/\/hdteks.com.tr\/?page_id=1012#breadcrumb\"},\"inLanguage\":\"tr\",\"potentialAction\":[{\"@type\":\"ReadAction\",\"target\":[\"https:\/\/hdteks.com.tr\/?page_id=1012\"]}]},{\"@type\":\"BreadcrumbList\",\"@id\":\"https:\/\/hdteks.com.tr\/?page_id=1012#breadcrumb\",\"itemListElement\":[{\"@type\":\"ListItem\",\"position\":1,\"name\":\"Home\",\"item\":\"http:\/\/hdteks.com.tr\/\"},{\"@type\":\"ListItem\",\"position\":2,\"name\":\"Hakk\u0131m\u0131zda\"}]},{\"@type\":\"WebSite\",\"@id\":\"http:\/\/hdteks.com.tr\/#website\",\"url\":\"http:\/\/hdteks.com.tr\/\",\"name\":\"HDTeks\",\"description\":\"\",\"publisher\":{\"@id\":\"http:\/\/hdteks.com.tr\/#organization\"},\"potentialAction\":[{\"@type\":\"SearchAction\",\"target\":{\"@type\":\"EntryPoint\",\"urlTemplate\":\"http:\/\/hdteks.com.tr\/?s={search_term_string}\"},\"query-input\":\"required name=search_term_string\"}],\"inLanguage\":\"tr\"},{\"@type\":\"Organization\",\"@id\":\"http:\/\/hdteks.com.tr\/#organization\",\"name\":\"HDTeks\",\"url\":\"http:\/\/hdteks.com.tr\/\",\"logo\":{\"@type\":\"ImageObject\",\"inLanguage\":\"tr\",\"@id\":\"http:\/\/hdteks.com.tr\/#\/schema\/logo\/image\/\",\"url\":\"https:\/\/hdteks.com.tr\/wp-content\/uploads\/2023\/04\/cropped-logo-1.png\",\"contentUrl\":\"https:\/\/hdteks.com.tr\/wp-content\/uploads\/2023\/04\/cropped-logo-1.png\",\"width\":199,\"height\":199,\"caption\":\"HDTeks\"},\"image\":{\"@id\":\"http:\/\/hdteks.com.tr\/#\/schema\/logo\/image\/\"}}]}<\/script>\n<!-- \/ Yoast SEO plugin. -->","yoast_head_json":{"title":"Hakk\u0131m\u0131zda - HDTeks","robots":{"index":"index","follow":"follow","max-snippet":"max-snippet:-1","max-image-preview":"max-image-preview:large","max-video-preview":"max-video-preview:-1"},"canonical":"https:\/\/hdteks.com.tr\/?page_id=1012","og_locale":"tr_TR","og_type":"article","og_title":"Hakk\u0131m\u0131zda - HDTeks","og_description":"HAKKIMIZDA HDTeks, tekstil yedek par\u00e7a sekt\u00f6r\u00fcnde Hakk\u0131 \u00d6KTEM \u00f6nderli\u011finde 2014 y\u0131l\u0131ndan bu yana hizmet vermektedir. Firmam\u0131z, her ne kadar 2014 y\u0131l\u0131nda kurulmu\u015f g\u00f6r\u00fcnse de k\u00f6kleri 1995 y\u0131l\u0131na kadar dayanmaktad\u0131r. \u0130\u011fneden ipli\u011fe, \u00fc\u00e7 farkl\u0131 \u00fcr\u00fcn kategorisinde binlerce farkl\u0131 \u00fcr\u00fcn kalemiyle 58 tekstil firmas\u0131na yedek par\u00e7a tedari\u011fi sa\u011flayan HDTeks, Mersin Serbest B\u00f6lge\u2019de yer almaktad\u0131r. \u00dcr\u00fcn Yelpazemiz: \u00d6nceki &hellip; Hakk\u0131m\u0131zda Devam\u0131 &raquo;","og_url":"https:\/\/hdteks.com.tr\/?page_id=1012","og_site_name":"HDTeks","article_modified_time":"2023-03-16T13:18:42+00:00","og_image":[{"url":"http:\/\/hdteks.com.tr\/wp-content\/uploads\/2022\/12\/19092021221138.jpg"}],"twitter_card":"summary_large_image","twitter_misc":{"Tahmini okuma s\u00fcresi":"5 dakika"},"schema":{"@context":"https:\/\/schema.org","@graph":[{"@type":"WebPage","@id":"https:\/\/hdteks.com.tr\/?page_id=1012","url":"https:\/\/hdteks.com.tr\/?page_id=1012","name":"Hakk\u0131m\u0131zda - HDTeks","isPartOf":{"@id":"http:\/\/hdteks.com.tr\/#website"},"datePublished":"2018-08-27T09:15:55+00:00","dateModified":"2023-03-16T13:18:42+00:00","breadcrumb":{"@id":"https:\/\/hdteks.com.tr\/?page_id=1012#breadcrumb"},"inLanguage":"tr","potentialAction":[{"@type":"ReadAction","target":["https:\/\/hdteks.com.tr\/?page_id=1012"]}]},{"@type":"BreadcrumbList","@id":"https:\/\/hdteks.com.tr\/?page_id=1012#breadcrumb","itemListElement":[{"@type":"ListItem","position":1,"name":"Home","item":"http:\/\/hdteks.com.tr\/"},{"@type":"ListItem","position":2,"name":"Hakk\u0131m\u0131zda"}]},{"@type":"WebSite","@id":"http:\/\/hdteks.com.tr\/#website","url":"http:\/\/hdteks.com.tr\/","name":"HDTeks","description":"","publisher":{"@id":"http:\/\/hdteks.com.tr\/#organization"},"potentialAction":[{"@type":"SearchAction","target":{"@type":"EntryPoint","urlTemplate":"http:\/\/hdteks.com.tr\/?s={search_term_string}"},"query-input":"required name=search_term_string"}],"inLanguage":"tr"},{"@type":"Organization","@id":"http:\/\/hdteks.com.tr\/#organization","name":"HDTeks","url":"http:\/\/hdteks.com.tr\/","logo":{"@type":"ImageObject","inLanguage":"tr","@id":"http:\/\/hdteks.com.tr\/#\/schema\/logo\/image\/","url":"https:\/\/hdteks.com.tr\/wp-content\/uploads\/2023\/04\/cropped-logo-1.png","contentUrl":"https:\/\/hdteks.com.tr\/wp-content\/uploads\/2023\/04\/cropped-logo-1.png","width":199,"height":199,"caption":"HDTeks"},"image":{"@id":"http:\/\/hdteks.com.tr\/#\/schema\/logo\/image\/"}}]}},"_links":{"self":[{"href":"https:\/\/hdteks.com.tr\/index.php?rest_route=\/wp\/v2\/pages\/1012","targetHints":{"allow":["GET"]}}],"collection":[{"href":"https:\/\/hdteks.com.tr\/index.php?rest_route=\/wp\/v2\/pages"}],"about":[{"href":"https:\/\/hdteks.com.tr\/index.php?rest_route=\/wp\/v2\/types\/page"}],"author":[{"embeddable":true,"href":"https:\/\/hdteks.com.tr\/index.php?rest_route=\/wp\/v2\/users\/1"}],"replies":[{"embeddable":true,"href":"https:\/\/hdteks.com.tr\/index.php?rest_route=%2Fwp%2Fv2%2Fcomments&post=1012"}],"version-history":[{"count":47,"href":"https:\/\/hdteks.com.tr\/index.php?rest_route=\/wp\/v2\/pages\/1012\/revisions"}],"predecessor-version":[{"id":1213,"href":"https:\/\/hdteks.com.tr\/index.php?rest_route=\/wp\/v2\/pages\/1012\/revisions\/1213"}],"wp:attachment":[{"href":"https:\/\/hdteks.com.tr\/index.php?rest_route=%2Fwp%2Fv2%2Fmedia&parent=1012"}],"curies":[{"name":"wp","href":"https:\/\/api.w.org\/{rel}","templated":true}]}}