{"id":1011,"date":"2018-08-27T12:15:15","date_gmt":"2018-08-27T09:15:15","guid":{"rendered":"https:\/\/hdteks.com.tr\/?page_id=1011"},"modified":"2022-12-20T12:05:52","modified_gmt":"2022-12-20T09:05:52","slug":"anasayfa","status":"publish","type":"page","link":"https:\/\/hdteks.com.tr\/","title":{"rendered":"Ana Sayfa"},"content":{"rendered":"\t\t<div data-elementor-type=\"wp-page\" data-elementor-id=\"1011\" class=\"elementor elementor-1011\">\n\t\t\t\t\t\t\t\t\t<section class=\"elementor-section elementor-top-section elementor-element elementor-element-dac02f0 elementor-section-content-middle elementor-section-boxed elementor-section-height-default elementor-section-height-default\" data-id=\"dac02f0\" data-element_type=\"section\" data-settings=\"{&quot;background_background&quot;:&quot;classic&quot;}\">\n\t\t\t\t\t\t\t<div class=\"elementor-background-overlay\"><\/div>\n\t\t\t\t\t\t\t<div class=\"elementor-container elementor-column-gap-no\">\n\t\t\t\t\t<div class=\"elementor-column elementor-col-100 elementor-top-column elementor-element elementor-element-e0417fc\" data-id=\"e0417fc\" data-element_type=\"column\">\n\t\t\t<div class=\"elementor-widget-wrap elementor-element-populated\">\n\t\t\t\t\t\t\t\t\t<\/div>\n\t\t<\/div>\n\t\t\t\t\t\t\t<\/div>\n\t\t<\/section>\n\t\t\t\t<section class=\"elementor-section elementor-top-section elementor-element elementor-element-32660fee elementor-section-content-middle elementor-section-boxed elementor-section-height-default elementor-section-height-default\" data-id=\"32660fee\" data-element_type=\"section\" data-settings=\"{&quot;background_background&quot;:&quot;classic&quot;}\">\n\t\t\t\t\t\t<div class=\"elementor-container elementor-column-gap-no\">\n\t\t\t\t\t<div class=\"elementor-column elementor-col-100 elementor-top-column elementor-element elementor-element-30218515\" data-id=\"30218515\" data-element_type=\"column\">\n\t\t\t<div class=\"elementor-widget-wrap elementor-element-populated\">\n\t\t\t\t\t\t\t\t<div class=\"elementor-element elementor-element-b7b3dcd elementor-widget elementor-widget-heading\" data-id=\"b7b3dcd\" data-element_type=\"widget\" data-widget_type=\"heading.default\">\n\t\t\t\t<div class=\"elementor-widget-container\">\n\t\t\t<style>\/*! elementor - v3.12.1 - 02-04-2023 *\/\n.elementor-heading-title{padding:0;margin:0;line-height:1}.elementor-widget-heading .elementor-heading-title[class*=elementor-size-]>a{color:inherit;font-size:inherit;line-height:inherit}.elementor-widget-heading .elementor-heading-title.elementor-size-small{font-size:15px}.elementor-widget-heading .elementor-heading-title.elementor-size-medium{font-size:19px}.elementor-widget-heading .elementor-heading-title.elementor-size-large{font-size:29px}.elementor-widget-heading .elementor-heading-title.elementor-size-xl{font-size:39px}.elementor-widget-heading .elementor-heading-title.elementor-size-xxl{font-size:59px}<\/style><h2 class=\"elementor-heading-title elementor-size-large\">\u00e7ALI\u015eTI\u011eIMIZ F\u0130RMALAR<\/h2>\t\t<\/div>\n\t\t\t\t<\/div>\n\t\t\t\t<div class=\"elementor-element elementor-element-2aa7467 elementor-arrows-position-outside elementor-widget elementor-widget-image-carousel\" data-id=\"2aa7467\" data-element_type=\"widget\" data-settings=\"{&quot;slides_to_show&quot;:&quot;4&quot;,&quot;slides_to_scroll&quot;:&quot;1&quot;,&quot;navigation&quot;:&quot;arrows&quot;,&quot;image_spacing_custom&quot;:{&quot;unit&quot;:&quot;px&quot;,&quot;size&quot;:15,&quot;sizes&quot;:[]},&quot;slides_to_show_tablet&quot;:&quot;4&quot;,&quot;slides_to_show_mobile&quot;:&quot;3&quot;,&quot;autoplay&quot;:&quot;yes&quot;,&quot;pause_on_hover&quot;:&quot;yes&quot;,&quot;pause_on_interaction&quot;:&quot;yes&quot;,&quot;autoplay_speed&quot;:5000,&quot;infinite&quot;:&quot;yes&quot;,&quot;speed&quot;:500,&quot;image_spacing_custom_tablet&quot;:{&quot;unit&quot;:&quot;px&quot;,&quot;size&quot;:&quot;&quot;,&quot;sizes&quot;:[]},&quot;image_spacing_custom_mobile&quot;:{&quot;unit&quot;:&quot;px&quot;,&quot;size&quot;:&quot;&quot;,&quot;sizes&quot;:[]}}\" data-widget_type=\"image-carousel.default\">\n\t\t\t\t<div class=\"elementor-widget-container\">\n\t\t\t<style>\/*! elementor - v3.12.1 - 02-04-2023 *\/\n.elementor-widget-image-carousel .swiper,.elementor-widget-image-carousel .swiper-container{position:static}.elementor-widget-image-carousel .swiper-container .swiper-slide figure,.elementor-widget-image-carousel .swiper .swiper-slide figure{line-height:inherit}.elementor-widget-image-carousel .swiper-slide{text-align:center}.elementor-image-carousel-wrapper:not(.swiper-container-initialized) .swiper-slide,.elementor-image-carousel-wrapper:not(.swiper-initialized) .swiper-slide{max-width:calc(100% \/ var(--e-image-carousel-slides-to-show, 3))}<\/style>\t\t<div class=\"elementor-image-carousel-wrapper swiper-container\" dir=\"ltr\">\n\t\t\t<div class=\"elementor-image-carousel swiper-wrapper\">\n\t\t\t\t\t\t\t\t<div class=\"swiper-slide\"><figure class=\"swiper-slide-inner\"><img decoding=\"async\" class=\"swiper-slide-image\" src=\"https:\/\/hdteks.com.tr\/wp-content\/uploads\/2022\/12\/turip.png\" alt=\"t\u00fcrip\" \/><\/figure><\/div><div class=\"swiper-slide\"><figure class=\"swiper-slide-inner\"><img decoding=\"async\" class=\"swiper-slide-image\" src=\"https:\/\/hdteks.com.tr\/wp-content\/uploads\/2022\/12\/silter.png\" alt=\"silter\" \/><\/figure><\/div><div class=\"swiper-slide\"><figure class=\"swiper-slide-inner\"><img decoding=\"async\" class=\"swiper-slide-image\" src=\"https:\/\/hdteks.com.tr\/wp-content\/uploads\/2022\/12\/gazzella.png\" alt=\"gazzella\" \/><\/figure><\/div><div class=\"swiper-slide\"><figure class=\"swiper-slide-inner\"><img decoding=\"async\" class=\"swiper-slide-image\" src=\"https:\/\/hdteks.com.tr\/wp-content\/uploads\/2022\/12\/ugurmakine.png\" alt=\"ugurmakine\" \/><\/figure><\/div><div class=\"swiper-slide\"><figure class=\"swiper-slide-inner\"><img decoding=\"async\" class=\"swiper-slide-image\" src=\"https:\/\/hdteks.com.tr\/wp-content\/uploads\/2022\/12\/Eksmen-Logo-Web.png\" alt=\"Eksmen-Logo-Web\" \/><\/figure><\/div><div class=\"swiper-slide\"><figure class=\"swiper-slide-inner\"><img decoding=\"async\" class=\"swiper-slide-image\" src=\"https:\/\/hdteks.com.tr\/wp-content\/uploads\/2022\/12\/Brother_logo.svg.png\" alt=\"Brother_logo.svg\" \/><\/figure><\/div><div class=\"swiper-slide\"><figure class=\"swiper-slide-inner\"><img decoding=\"async\" class=\"swiper-slide-image\" src=\"https:\/\/hdteks.com.tr\/wp-content\/uploads\/2022\/12\/schmetzlogo.png\" alt=\"schmetzlogo\" \/><\/figure><\/div><div class=\"swiper-slide\"><figure class=\"swiper-slide-inner\"><img decoding=\"async\" class=\"swiper-slide-image\" src=\"https:\/\/hdteks.com.tr\/wp-content\/uploads\/2022\/12\/ARCHE-KURUmSAL-KIMLIK-2-06-1.png\" alt=\"ARCHE-KURUmSAL-KIMLIK-2-06-1\" \/><\/figure><\/div>\t\t\t<\/div>\n\t\t\t\t\t\t\t\t\t\t\t\t\t\t\t\t<div class=\"elementor-swiper-button elementor-swiper-button-prev\">\n\t\t\t\t\t\t<i aria-hidden=\"true\" class=\"eicon-chevron-left\"><\/i>\t\t\t\t\t\t<span class=\"elementor-screen-only\">\u00d6nceki<\/span>\n\t\t\t\t\t<\/div>\n\t\t\t\t\t<div class=\"elementor-swiper-button elementor-swiper-button-next\">\n\t\t\t\t\t\t<i aria-hidden=\"true\" class=\"eicon-chevron-right\"><\/i>\t\t\t\t\t\t<span class=\"elementor-screen-only\">Sonraki<\/span>\n\t\t\t\t\t<\/div>\n\t\t\t\t\t\t\t\t\t<\/div>\n\t\t\t\t<\/div>\n\t\t\t\t<\/div>\n\t\t\t\t\t<\/div>\n\t\t<\/div>\n\t\t\t\t\t\t\t<\/div>\n\t\t<\/section>\n\t\t\t\t\t\t\t<\/div>\n\t\t","protected":false},"excerpt":{"rendered":"<p>\u00e7ALI\u015eTI\u011eIMIZ F\u0130RMALAR \u00d6nceki Sonraki<\/p>\n","protected":false},"author":1,"featured_media":0,"parent":0,"menu_order":0,"comment_status":"closed","ping_status":"closed","template":"","meta":{"site-sidebar-layout":"default","site-content-layout":"page-builder","ast-global-header-display":"","ast-main-header-display":"","ast-hfb-above-header-display":"","ast-hfb-below-header-display":"","ast-hfb-mobile-header-display":"","site-post-title":"disabled","ast-breadcrumbs-content":"","ast-featured-img":"disabled","footer-sml-layout":"","theme-transparent-header-meta":"enabled","adv-header-id-meta":"","stick-header-meta":"","header-above-stick-meta":"","header-main-stick-meta":"","header-below-stick-meta":"","footnotes":""},"class_list":["post-1011","page","type-page","status-publish","hentry"],"yoast_head":"<!-- This site is optimized with the Yoast SEO plugin v20.2.1 - https:\/\/yoast.com\/wordpress\/plugins\/seo\/ -->\n<title>Ana Sayfa - HDTeks<\/title>\n<meta name=\"robots\" content=\"index, follow, max-snippet:-1, max-image-preview:large, max-video-preview:-1\" \/>\n<link rel=\"canonical\" href=\"http:\/\/hdteks.com.tr\/\" \/>\n<meta property=\"og:locale\" content=\"tr_TR\" \/>\n<meta property=\"og:type\" content=\"article\" \/>\n<meta property=\"og:title\" content=\"Ana Sayfa - HDTeks\" \/>\n<meta property=\"og:description\" content=\"\u00e7ALI\u015eTI\u011eIMIZ F\u0130RMALAR \u00d6nceki Sonraki\" \/>\n<meta property=\"og:url\" content=\"http:\/\/hdteks.com.tr\/\" \/>\n<meta property=\"og:site_name\" content=\"HDTeks\" \/>\n<meta property=\"article:modified_time\" content=\"2022-12-20T09:05:52+00:00\" \/>\n<meta property=\"og:image\" content=\"http:\/\/hdteks.com.tr\/wp-content\/uploads\/2022\/12\/turip.png\" \/>\n<meta name=\"twitter:card\" content=\"summary_large_image\" \/>\n<meta name=\"twitter:label1\" content=\"Tahmini okuma s\u00fcresi\" \/>\n\t<meta name=\"twitter:data1\" content=\"4 dakika\" \/>\n<script type=\"application\/ld+json\" class=\"yoast-schema-graph\">{\"@context\":\"https:\/\/schema.org\",\"@graph\":[{\"@type\":\"WebPage\",\"@id\":\"http:\/\/hdteks.com.tr\/\",\"url\":\"http:\/\/hdteks.com.tr\/\",\"name\":\"Ana Sayfa - HDTeks\",\"isPartOf\":{\"@id\":\"http:\/\/hdteks.com.tr\/#website\"},\"datePublished\":\"2018-08-27T09:15:15+00:00\",\"dateModified\":\"2022-12-20T09:05:52+00:00\",\"breadcrumb\":{\"@id\":\"http:\/\/hdteks.com.tr\/#breadcrumb\"},\"inLanguage\":\"tr\",\"potentialAction\":[{\"@type\":\"ReadAction\",\"target\":[\"http:\/\/hdteks.com.tr\/\"]}]},{\"@type\":\"BreadcrumbList\",\"@id\":\"http:\/\/hdteks.com.tr\/#breadcrumb\",\"itemListElement\":[{\"@type\":\"ListItem\",\"position\":1,\"name\":\"Home\",\"item\":\"http:\/\/hdteks.com.tr\/\"},{\"@type\":\"ListItem\",\"position\":2,\"name\":\"Ana Sayfa\"}]},{\"@type\":\"WebSite\",\"@id\":\"http:\/\/hdteks.com.tr\/#website\",\"url\":\"http:\/\/hdteks.com.tr\/\",\"name\":\"HDTeks\",\"description\":\"\",\"publisher\":{\"@id\":\"http:\/\/hdteks.com.tr\/#organization\"},\"potentialAction\":[{\"@type\":\"SearchAction\",\"target\":{\"@type\":\"EntryPoint\",\"urlTemplate\":\"http:\/\/hdteks.com.tr\/?s={search_term_string}\"},\"query-input\":\"required name=search_term_string\"}],\"inLanguage\":\"tr\"},{\"@type\":\"Organization\",\"@id\":\"http:\/\/hdteks.com.tr\/#organization\",\"name\":\"HDTeks\",\"url\":\"http:\/\/hdteks.com.tr\/\",\"logo\":{\"@type\":\"ImageObject\",\"inLanguage\":\"tr\",\"@id\":\"http:\/\/hdteks.com.tr\/#\/schema\/logo\/image\/\",\"url\":\"https:\/\/hdteks.com.tr\/wp-content\/uploads\/2023\/04\/cropped-logo-1.png\",\"contentUrl\":\"https:\/\/hdteks.com.tr\/wp-content\/uploads\/2023\/04\/cropped-logo-1.png\",\"width\":199,\"height\":199,\"caption\":\"HDTeks\"},\"image\":{\"@id\":\"http:\/\/hdteks.com.tr\/#\/schema\/logo\/image\/\"}}]}<\/script>\n<!-- \/ Yoast SEO plugin. -->","yoast_head_json":{"title":"Ana Sayfa - HDTeks","robots":{"index":"index","follow":"follow","max-snippet":"max-snippet:-1","max-image-preview":"max-image-preview:large","max-video-preview":"max-video-preview:-1"},"canonical":"http:\/\/hdteks.com.tr\/","og_locale":"tr_TR","og_type":"article","og_title":"Ana Sayfa - HDTeks","og_description":"\u00e7ALI\u015eTI\u011eIMIZ F\u0130RMALAR \u00d6nceki Sonraki","og_url":"http:\/\/hdteks.com.tr\/","og_site_name":"HDTeks","article_modified_time":"2022-12-20T09:05:52+00:00","og_image":[{"url":"http:\/\/hdteks.com.tr\/wp-content\/uploads\/2022\/12\/turip.png"}],"twitter_card":"summary_large_image","twitter_misc":{"Tahmini okuma s\u00fcresi":"4 dakika"},"schema":{"@context":"https:\/\/schema.org","@graph":[{"@type":"WebPage","@id":"http:\/\/hdteks.com.tr\/","url":"http:\/\/hdteks.com.tr\/","name":"Ana Sayfa - HDTeks","isPartOf":{"@id":"http:\/\/hdteks.com.tr\/#website"},"datePublished":"2018-08-27T09:15:15+00:00","dateModified":"2022-12-20T09:05:52+00:00","breadcrumb":{"@id":"http:\/\/hdteks.com.tr\/#breadcrumb"},"inLanguage":"tr","potentialAction":[{"@type":"ReadAction","target":["http:\/\/hdteks.com.tr\/"]}]},{"@type":"BreadcrumbList","@id":"http:\/\/hdteks.com.tr\/#breadcrumb","itemListElement":[{"@type":"ListItem","position":1,"name":"Home","item":"http:\/\/hdteks.com.tr\/"},{"@type":"ListItem","position":2,"name":"Ana Sayfa"}]},{"@type":"WebSite","@id":"http:\/\/hdteks.com.tr\/#website","url":"http:\/\/hdteks.com.tr\/","name":"HDTeks","description":"","publisher":{"@id":"http:\/\/hdteks.com.tr\/#organization"},"potentialAction":[{"@type":"SearchAction","target":{"@type":"EntryPoint","urlTemplate":"http:\/\/hdteks.com.tr\/?s={search_term_string}"},"query-input":"required name=search_term_string"}],"inLanguage":"tr"},{"@type":"Organization","@id":"http:\/\/hdteks.com.tr\/#organization","name":"HDTeks","url":"http:\/\/hdteks.com.tr\/","logo":{"@type":"ImageObject","inLanguage":"tr","@id":"http:\/\/hdteks.com.tr\/#\/schema\/logo\/image\/","url":"https:\/\/hdteks.com.tr\/wp-content\/uploads\/2023\/04\/cropped-logo-1.png","contentUrl":"https:\/\/hdteks.com.tr\/wp-content\/uploads\/2023\/04\/cropped-logo-1.png","width":199,"height":199,"caption":"HDTeks"},"image":{"@id":"http:\/\/hdteks.com.tr\/#\/schema\/logo\/image\/"}}]}},"_links":{"self":[{"href":"https:\/\/hdteks.com.tr\/index.php?rest_route=\/wp\/v2\/pages\/1011","targetHints":{"allow":["GET"]}}],"collection":[{"href":"https:\/\/hdteks.com.tr\/index.php?rest_route=\/wp\/v2\/pages"}],"about":[{"href":"https:\/\/hdteks.com.tr\/index.php?rest_route=\/wp\/v2\/types\/page"}],"author":[{"embeddable":true,"href":"https:\/\/hdteks.com.tr\/index.php?rest_route=\/wp\/v2\/users\/1"}],"replies":[{"embeddable":true,"href":"https:\/\/hdteks.com.tr\/index.php?rest_route=%2Fwp%2Fv2%2Fcomments&post=1011"}],"version-history":[{"count":68,"href":"https:\/\/hdteks.com.tr\/index.php?rest_route=\/wp\/v2\/pages\/1011\/revisions"}],"predecessor-version":[{"id":1201,"href":"https:\/\/hdteks.com.tr\/index.php?rest_route=\/wp\/v2\/pages\/1011\/revisions\/1201"}],"wp:attachment":[{"href":"https:\/\/hdteks.com.tr\/index.php?rest_route=%2Fwp%2Fv2%2Fmedia&parent=1011"}],"curies":[{"name":"wp","href":"https:\/\/api.w.org\/{rel}","templated":true}]}}